{"id":48,"date":"2011-04-13T11:33:28","date_gmt":"2011-04-13T09:33:28","guid":{"rendered":"http:\/\/blog.ksb-anhalt.de\/diz\/?page_id=48"},"modified":"2011-04-19T12:31:58","modified_gmt":"2011-04-19T10:31:58","slug":"anhalt-merchandising","status":"publish","type":"page","link":"https:\/\/blog.ksb-anhalt.de\/diz\/anhalt-merchandising\/","title":{"rendered":"Anhalt-Merchandising"},"content":{"rendered":"<p>Hier finden Sie ausgew\u00e4hlte Anhalt-Souvenirs &#8230;<\/p>\n<div class='catablog-catalog'><div class='catablog-row' %MIN-HEIGHT%>\n\t<div class=\"catablog-images-column\">\n\t\t<a href='https:\/\/blog.ksb-anhalt.de\/diz\/files\/catablog\/originals\/anhaltbr-1302687615.jpg' class='catablog-image' target='_blank' ><img decoding=\"async\" src=\"https:\/\/blog.ksb-anhalt.de\/diz\/files\/catablog\/thumbnails\/anhaltbr-1302687615.jpg\" alt=\"\" \/><\/a>\n\t<\/div>\n\t\n\t<h4 class='catablog-title' style='margin-left:%MARGIN-LEFT%'>Anhalt B\u00e4r<\/h4>\n\t<div class=\"catablog-description\" style=\"margin-left:%MARGIN-LEFT%\">\n\t\tDer ca. 20 cm gro\u00dfe B\u00e4r tr\u00e4gt mit seinem Halsband und im Wappen die einstigen Farben der Region Anhalt.<br \/>\r\nc 2010    begrenzte Auflage\n\t\t\n\t<\/div>\n<\/div><div class='catablog-row' %MIN-HEIGHT%>\n\t<div class=\"catablog-images-column\">\n\t\t<a href='https:\/\/blog.ksb-anhalt.de\/diz\/files\/catablog\/originals\/pict0004-1304932655.jpg' class='catablog-image' target='_blank' ><img decoding=\"async\" src=\"https:\/\/blog.ksb-anhalt.de\/diz\/files\/catablog\/thumbnails\/pict0004-1304932655.jpg\" alt=\"\" \/><\/a>\n\t<\/div>\n\t\n\t<h4 class='catablog-title' style='margin-left:%MARGIN-LEFT%'>Spieldose<\/h4>\n\t<div class=\"catablog-description\" style=\"margin-left:%MARGIN-LEFT%\">\n\t\tEin kleines mechanisches Musikinstrument l\u00e4sst die Melodie \"An der Saale hellem Strande...\" erklingen.<br \/>\r\nDurchmesser  ca. 65 mm<br \/>\r\nH\u00f6he  ca. 40 mm\n\t\t\n\t<\/div>\n<\/div><\/div><div class='catablog-navigation'><span class='catablog-navigation-link catablog-first-page-link catablog-disabled'>Previous<\/span> <\/div>\n\n","protected":false},"excerpt":{"rendered":"<p>Hier finden Sie ausgew\u00e4hlte Anhalt-Souvenirs &#8230;<\/p>\n","protected":false},"author":1,"featured_media":0,"parent":0,"menu_order":0,"comment_status":"open","ping_status":"open","template":"","meta":{"footnotes":""},"class_list":["post-48","page","type-page","status-publish","hentry"],"yoast_head":"<!-- This site is optimized with the Yoast SEO plugin v25.9 - https:\/\/yoast.com\/wordpress\/plugins\/seo\/ -->\n<title>Anhalt-Merchandising - DIZ-Anhalt<\/title>\n<meta name=\"robots\" content=\"index, follow, max-snippet:-1, max-image-preview:large, max-video-preview:-1\" \/>\n<link rel=\"canonical\" href=\"https:\/\/blog.ksb-anhalt.de\/diz\/anhalt-merchandising\/\" \/>\n<meta property=\"og:locale\" content=\"de_DE\" \/>\n<meta property=\"og:type\" content=\"article\" \/>\n<meta property=\"og:title\" content=\"Anhalt-Merchandising - DIZ-Anhalt\" \/>\n<meta property=\"og:description\" content=\"Hier finden Sie ausgew\u00e4hlte Anhalt-Souvenirs &#8230;\" \/>\n<meta property=\"og:url\" content=\"https:\/\/blog.ksb-anhalt.de\/diz\/anhalt-merchandising\/\" \/>\n<meta property=\"og:site_name\" content=\"DIZ-Anhalt\" \/>\n<meta property=\"article:modified_time\" content=\"2011-04-19T10:31:58+00:00\" \/>\n<meta name=\"twitter:card\" content=\"summary_large_image\" \/>\n<script type=\"application\/ld+json\" class=\"yoast-schema-graph\">{\"@context\":\"https:\/\/schema.org\",\"@graph\":[{\"@type\":\"WebPage\",\"@id\":\"https:\/\/blog.ksb-anhalt.de\/diz\/anhalt-merchandising\/\",\"url\":\"https:\/\/blog.ksb-anhalt.de\/diz\/anhalt-merchandising\/\",\"name\":\"Anhalt-Merchandising - DIZ-Anhalt\",\"isPartOf\":{\"@id\":\"https:\/\/blog.ksb-anhalt.de\/diz\/#website\"},\"datePublished\":\"2011-04-13T09:33:28+00:00\",\"dateModified\":\"2011-04-19T10:31:58+00:00\",\"breadcrumb\":{\"@id\":\"https:\/\/blog.ksb-anhalt.de\/diz\/anhalt-merchandising\/#breadcrumb\"},\"inLanguage\":\"de\",\"potentialAction\":[{\"@type\":\"ReadAction\",\"target\":[\"https:\/\/blog.ksb-anhalt.de\/diz\/anhalt-merchandising\/\"]}]},{\"@type\":\"BreadcrumbList\",\"@id\":\"https:\/\/blog.ksb-anhalt.de\/diz\/anhalt-merchandising\/#breadcrumb\",\"itemListElement\":[{\"@type\":\"ListItem\",\"position\":1,\"name\":\"Startseite\",\"item\":\"https:\/\/blog.ksb-anhalt.de\/diz\/\"},{\"@type\":\"ListItem\",\"position\":2,\"name\":\"Anhalt-Merchandising\"}]},{\"@type\":\"WebSite\",\"@id\":\"https:\/\/blog.ksb-anhalt.de\/diz\/#website\",\"url\":\"https:\/\/blog.ksb-anhalt.de\/diz\/\",\"name\":\"DIZ-Anhalt\",\"description\":\"Dokumentations- und Informationszentrum Anhalt\",\"potentialAction\":[{\"@type\":\"SearchAction\",\"target\":{\"@type\":\"EntryPoint\",\"urlTemplate\":\"https:\/\/blog.ksb-anhalt.de\/diz\/?s={search_term_string}\"},\"query-input\":{\"@type\":\"PropertyValueSpecification\",\"valueRequired\":true,\"valueName\":\"search_term_string\"}}],\"inLanguage\":\"de\"}]}<\/script>\n<!-- \/ Yoast SEO plugin. -->","yoast_head_json":{"title":"Anhalt-Merchandising - DIZ-Anhalt","robots":{"index":"index","follow":"follow","max-snippet":"max-snippet:-1","max-image-preview":"max-image-preview:large","max-video-preview":"max-video-preview:-1"},"canonical":"https:\/\/blog.ksb-anhalt.de\/diz\/anhalt-merchandising\/","og_locale":"de_DE","og_type":"article","og_title":"Anhalt-Merchandising - DIZ-Anhalt","og_description":"Hier finden Sie ausgew\u00e4hlte Anhalt-Souvenirs &#8230;","og_url":"https:\/\/blog.ksb-anhalt.de\/diz\/anhalt-merchandising\/","og_site_name":"DIZ-Anhalt","article_modified_time":"2011-04-19T10:31:58+00:00","twitter_card":"summary_large_image","schema":{"@context":"https:\/\/schema.org","@graph":[{"@type":"WebPage","@id":"https:\/\/blog.ksb-anhalt.de\/diz\/anhalt-merchandising\/","url":"https:\/\/blog.ksb-anhalt.de\/diz\/anhalt-merchandising\/","name":"Anhalt-Merchandising - DIZ-Anhalt","isPartOf":{"@id":"https:\/\/blog.ksb-anhalt.de\/diz\/#website"},"datePublished":"2011-04-13T09:33:28+00:00","dateModified":"2011-04-19T10:31:58+00:00","breadcrumb":{"@id":"https:\/\/blog.ksb-anhalt.de\/diz\/anhalt-merchandising\/#breadcrumb"},"inLanguage":"de","potentialAction":[{"@type":"ReadAction","target":["https:\/\/blog.ksb-anhalt.de\/diz\/anhalt-merchandising\/"]}]},{"@type":"BreadcrumbList","@id":"https:\/\/blog.ksb-anhalt.de\/diz\/anhalt-merchandising\/#breadcrumb","itemListElement":[{"@type":"ListItem","position":1,"name":"Startseite","item":"https:\/\/blog.ksb-anhalt.de\/diz\/"},{"@type":"ListItem","position":2,"name":"Anhalt-Merchandising"}]},{"@type":"WebSite","@id":"https:\/\/blog.ksb-anhalt.de\/diz\/#website","url":"https:\/\/blog.ksb-anhalt.de\/diz\/","name":"DIZ-Anhalt","description":"Dokumentations- und Informationszentrum Anhalt","potentialAction":[{"@type":"SearchAction","target":{"@type":"EntryPoint","urlTemplate":"https:\/\/blog.ksb-anhalt.de\/diz\/?s={search_term_string}"},"query-input":{"@type":"PropertyValueSpecification","valueRequired":true,"valueName":"search_term_string"}}],"inLanguage":"de"}]}},"_links":{"self":[{"href":"https:\/\/blog.ksb-anhalt.de\/diz\/wp-json\/wp\/v2\/pages\/48","targetHints":{"allow":["GET"]}}],"collection":[{"href":"https:\/\/blog.ksb-anhalt.de\/diz\/wp-json\/wp\/v2\/pages"}],"about":[{"href":"https:\/\/blog.ksb-anhalt.de\/diz\/wp-json\/wp\/v2\/types\/page"}],"author":[{"embeddable":true,"href":"https:\/\/blog.ksb-anhalt.de\/diz\/wp-json\/wp\/v2\/users\/1"}],"replies":[{"embeddable":true,"href":"https:\/\/blog.ksb-anhalt.de\/diz\/wp-json\/wp\/v2\/comments?post=48"}],"version-history":[{"count":10,"href":"https:\/\/blog.ksb-anhalt.de\/diz\/wp-json\/wp\/v2\/pages\/48\/revisions"}],"predecessor-version":[{"id":53,"href":"https:\/\/blog.ksb-anhalt.de\/diz\/wp-json\/wp\/v2\/pages\/48\/revisions\/53"}],"wp:attachment":[{"href":"https:\/\/blog.ksb-anhalt.de\/diz\/wp-json\/wp\/v2\/media?parent=48"}],"curies":[{"name":"wp","href":"https:\/\/api.w.org\/{rel}","templated":true}]}}